{"id":61,"date":"2024-09-30T20:50:09","date_gmt":"2024-09-30T20:50:09","guid":{"rendered":"https:\/\/enviexpress.ec\/?page_id=61"},"modified":"2025-10-06T20:56:01","modified_gmt":"2025-10-06T20:56:01","slug":"contactos","status":"publish","type":"page","link":"https:\/\/enviexpress.ec\/?page_id=61","title":{"rendered":"Contactos"},"content":{"rendered":"\t\t<div data-elementor-type=\"wp-page\" data-elementor-id=\"61\" class=\"elementor elementor-61\" data-elementor-post-type=\"page\">\n\t\t\t\t<div class=\"elementor-element elementor-element-373795c e-flex e-con-boxed e-con e-parent\" data-id=\"373795c\" data-element_type=\"container\">\n\t\t\t\t\t<div class=\"e-con-inner\">\n\t\t\t\t<div class=\"elementor-element elementor-element-9ab484b elementor-widget elementor-widget-spacer\" data-id=\"9ab484b\" data-element_type=\"widget\" data-widget_type=\"spacer.default\">\n\t\t\t\t<div class=\"elementor-widget-container\">\n\t\t\t\t\t\t\t<div class=\"elementor-spacer\">\n\t\t\t<div class=\"elementor-spacer-inner\"><\/div>\n\t\t<\/div>\n\t\t\t\t\t\t<\/div>\n\t\t\t\t<\/div>\n\t\t\t\t\t<\/div>\n\t\t\t\t<\/div>\n\t\t<div class=\"elementor-element elementor-element-41abd9c e-flex e-con-boxed e-con e-parent\" data-id=\"41abd9c\" data-element_type=\"container\">\n\t\t\t\t\t<div class=\"e-con-inner\">\n\t\t<div class=\"elementor-element elementor-element-a801421 e-con-full e-flex e-con e-child\" data-id=\"a801421\" data-element_type=\"container\">\n\t\t\t\t<div class=\"elementor-element elementor-element-e0575c5 elementor-widget elementor-widget-heading\" data-id=\"e0575c5\" data-element_type=\"widget\" data-widget_type=\"heading.default\">\n\t\t\t\t<div class=\"elementor-widget-container\">\n\t\t\t\t\t<h2 class=\"elementor-heading-title elementor-size-default\">Cont\u00e1ctanos<\/h2>\t\t\t\t<\/div>\n\t\t\t\t<\/div>\n\t\t\t\t<div class=\"elementor-element elementor-element-b59adab elementor-widget elementor-widget-text-editor\" data-id=\"b59adab\" data-element_type=\"widget\" data-widget_type=\"text-editor.default\">\n\t\t\t\t<div class=\"elementor-widget-container\">\n\t\t\t\t\t\t\t\t\t<p>Env\u00edanos un correo electr\u00f3nico, ll\u00e1manos o<br \/>llena el formulario de tu inter\u00e9s para ponerte<br \/>en contacto con nosotros.<\/p>\t\t\t\t\t\t\t\t<\/div>\n\t\t\t\t<\/div>\n\t\t\t\t<div class=\"elementor-element elementor-element-641affa elementor-widget elementor-widget-heading\" data-id=\"641affa\" data-element_type=\"widget\" data-widget_type=\"heading.default\">\n\t\t\t\t<div class=\"elementor-widget-container\">\n\t\t\t\t\t<h2 class=\"elementor-heading-title elementor-size-default\">Servicio al cliente\n<\/h2>\t\t\t\t<\/div>\n\t\t\t\t<\/div>\n\t\t\t\t<div class=\"elementor-element elementor-element-bd5ba8c elementor-widget elementor-widget-text-editor\" data-id=\"bd5ba8c\" data-element_type=\"widget\" data-widget_type=\"text-editor.default\">\n\t\t\t\t<div class=\"elementor-widget-container\">\n\t\t\t\t\t\t\t\t\t<p>023731400<br \/>servicioalcliente@enviexpress.ec<\/p>\t\t\t\t\t\t\t\t<\/div>\n\t\t\t\t<\/div>\n\t\t\t\t<div class=\"elementor-element elementor-element-807115b elementor-widget elementor-widget-heading\" data-id=\"807115b\" data-element_type=\"widget\" data-widget_type=\"heading.default\">\n\t\t\t\t<div class=\"elementor-widget-container\">\n\t\t\t\t\t<h2 class=\"elementor-heading-title elementor-size-default\">Solicita un servicio<\/h2>\t\t\t\t<\/div>\n\t\t\t\t<\/div>\n\t\t\t\t<div class=\"elementor-element elementor-element-6f4631a elementor-widget elementor-widget-text-editor\" data-id=\"6f4631a\" data-element_type=\"widget\" data-widget_type=\"text-editor.default\">\n\t\t\t\t<div class=\"elementor-widget-container\">\n\t\t\t\t\t\t\t\t\t<p>\u00bfQuieres solicitar informaci\u00f3n sobre nuestros servicios?Proporciona tus datos y pronto nos pondremos en<br \/>contacto.<\/p>\t\t\t\t\t\t\t\t<\/div>\n\t\t\t\t<\/div>\n\t\t\t\t<\/div>\n\t\t\t\t<div class=\"elementor-element elementor-element-cb5e14e elementor-widget elementor-widget-spacer\" data-id=\"cb5e14e\" data-element_type=\"widget\" data-widget_type=\"spacer.default\">\n\t\t\t\t<div class=\"elementor-widget-container\">\n\t\t\t\t\t\t\t<div class=\"elementor-spacer\">\n\t\t\t<div class=\"elementor-spacer-inner\"><\/div>\n\t\t<\/div>\n\t\t\t\t\t\t<\/div>\n\t\t\t\t<\/div>\n\t\t<div class=\"elementor-element elementor-element-ada5408 e-con-full e-flex e-con e-child\" data-id=\"ada5408\" data-element_type=\"container\" data-settings=\"{&quot;background_background&quot;:&quot;classic&quot;}\">\n\t\t\t\t<div class=\"elementor-element elementor-element-02128a8 elementor-widget elementor-widget-text-editor\" data-id=\"02128a8\" data-element_type=\"widget\" data-widget_type=\"text-editor.default\">\n\t\t\t\t<div class=\"elementor-widget-container\">\n\t\t\t\t\t\t\t\t\t\n            <div class=\"elfsight-widget-form-builder elfsight-widget\" data-elfsight-form-builder-options=\"%7B%22ei%22%3A%22%22%2C%22fields%22%3A%5B%7B%22type%22%3A%22text%22%2C%22placeholder%22%3A%22Enviexpress%22%2C%22description%22%3A%22%22%2C%22label%22%3A%22Empresa%22%2C%22required%22%3Afalse%2C%22columnWidth%22%3A50%2C%22id%22%3A%22%5Bempresa%5D%22%7D%2C%7B%22type%22%3A%22text%22%2C%22placeholder%22%3A%22Alexander%20Cruz%22%2C%22description%22%3A%22%22%2C%22label%22%3A%22Nombre%20y%20Apellido%22%2C%22required%22%3Afalse%2C%22columnWidth%22%3A50%2C%22id%22%3A%22%5Bnombre-y-apellido%5D%22%7D%2C%7B%22type%22%3A%22email%22%2C%22label%22%3A%22Correo%20electr%5Cu00f3nico%20%22%2C%22description%22%3A%22%22%2C%22placeholder%22%3A%22alexandercruz%40gmail.com%22%2C%22required%22%3Atrue%2C%22columnWidth%22%3A50%2C%22id%22%3A%22%5Bcorreo-electr%5Cu00f3nico-%5D%22%7D%2C%7B%22type%22%3A%22phone%22%2C%22label%22%3A%22Tel%5Cu00e9fono%20%22%2C%22placeholder%22%3A%220987654321%22%2C%22description%22%3A%22%22%2C%22required%22%3Atrue%2C%22columnWidth%22%3A50%2C%22id%22%3A%22%5Btel%5Cu00e9fono-%5D%22%7D%2C%7B%22type%22%3A%22text%22%2C%22label%22%3A%22Ciudad%22%2C%22name%22%3A%22%22%2C%22placeholder%22%3A%22Quito%22%2C%22options%22%3A%22Option%201%5CnOption%202%22%2C%22scaleNumbersMin%22%3A1%2C%22scaleNumbersMax%22%3A10%2C%22leftCaption%22%3A%22Not%20likely%22%2C%22rightCaption%22%3A%22Very%20likely%22%2C%22fileLinkCaption%22%3A%22Choose%20file%22%2C%22fileDragCaption%22%3A%22or%20drag%20%26%20drop%20here%22%2C%22text%22%3A%22Text%22%2C%22title%22%3A%22Heading%22%2C%22caption%22%3A%22%22%2C%22value%22%3A%22%22%2C%22labelText%22%3A%22Label%22%2C%22dateTime%22%3A%22date%22%2C%22dateFormat%22%3A%22d.m.Y%22%2C%22timeFormat%22%3A%22H%3Ai%22%2C%22starsCount%22%3A5%2C%22required%22%3Atrue%2C%22description%22%3A%22%22%2C%22columnWidth%22%3A50%2C%22elementColumnWidth%22%3A100%2C%22fileAllowedAll%22%3Atrue%2C%22fileAllowed%22%3A%5B%22.jpg%22%2C%22.jpeg%22%2C%22.png%22%2C%22.gif%22%2C%22.txt%22%2C%22.pdf%22%2C%22.doc%22%2C%22.docx%22%2C%22.pages%22%2C%22.numbers%22%2C%22.xls%22%2C%22.xlsx%22%2C%22.odt%22%2C%22.ppt%22%2C%22.pptx%22%2C%22.pps%22%2C%22.ppsx%22%2C%22.html%22%5D%2C%22fileMax%22%3A25%2C%22fields%22%3A%22%22%2C%22id%22%3A%22%5Bciudad%5D%22%7D%2C%7B%22type%22%3A%22checkbox%22%2C%22label%22%3A%22Servicio%22%2C%22name%22%3A%22%22%2C%22placeholder%22%3A%22%22%2C%22options%22%3A%22%5Cu00daltima%20milla%5CnDelivery%20motorizado%22%2C%22scaleNumbersMin%22%3A1%2C%22scaleNumbersMax%22%3A10%2C%22leftCaption%22%3A%22Not%20likely%22%2C%22rightCaption%22%3A%22Very%20likely%22%2C%22fileLinkCaption%22%3A%22Choose%20file%22%2C%22fileDragCaption%22%3A%22or%20drag%20%26%20drop%20here%22%2C%22text%22%3A%22Text%22%2C%22title%22%3A%22Heading%22%2C%22caption%22%3A%22%22%2C%22value%22%3A%22%22%2C%22labelText%22%3A%22Label%22%2C%22dateTime%22%3A%22date%22%2C%22dateFormat%22%3A%22d.m.Y%22%2C%22timeFormat%22%3A%22H%3Ai%22%2C%22starsCount%22%3A5%2C%22required%22%3Atrue%2C%22description%22%3A%22%22%2C%22columnWidth%22%3A100%2C%22elementColumnWidth%22%3A50%2C%22fileAllowedAll%22%3Atrue%2C%22fileAllowed%22%3A%5B%22.jpg%22%2C%22.jpeg%22%2C%22.png%22%2C%22.gif%22%2C%22.txt%22%2C%22.pdf%22%2C%22.doc%22%2C%22.docx%22%2C%22.pages%22%2C%22.numbers%22%2C%22.xls%22%2C%22.xlsx%22%2C%22.odt%22%2C%22.ppt%22%2C%22.pptx%22%2C%22.pps%22%2C%22.ppsx%22%2C%22.html%22%5D%2C%22fileMax%22%3A25%2C%22fields%22%3A%22%22%2C%22id%22%3A%22%5Bservicio%5D%22%7D%2C%7B%22type%22%3A%22textarea%22%2C%22label%22%3A%22Mensaje%22%2C%22description%22%3A%22%22%2C%22placeholder%22%3A%22D%5Cu00e9janos%20tu%20mensaje%22%2C%22required%22%3Atrue%2C%22columnWidth%22%3A100%2C%22id%22%3A%22%5Bmensaje%5D%22%7D%5D%2C%22headerActive%22%3Afalse%2C%22headerTitle%22%3A%22Get%20in%20Touch%22%2C%22headerText%22%3A%22D%5Cu00e9janos%20tu%20informaci%5Cu00f3n%20si%20quieres%20contratar%20nuestros%20servicios%26nbsp%3B%22%2C%22headerPictureUrl%22%3A%22dialog%22%2C%22footerText%22%3A%22%22%2C%22actionAfterSubmit%22%3A%22message%22%2C%22successMessage%22%3A%22%5Cu00a1Tu%20mensaje%20fue%20enviado%20exitosamente%21%20Le%20responderemos%20en%20breve.%22%2C%22successContinueText%22%3A%22OK%22%2C%22redirectUrl%22%3A%22https%3A%5C%2F%5C%2Fexample.com%22%2C%22submitText%22%3A%22Enviar%22%2C%22stepsMessagesDivider%22%3Anull%2C%22stepsMessagesTitle%22%3Anull%2C%22stepsText%22%3A%22step%20%251%20of%20%252%22%2C%22stepBackText%22%3A%22Back%22%2C%22stepNextText%22%3A%22Next%22%2C%22errorMessageAllRequired%22%3A%22Por%20favor%2C%20complete%20todos%20los%20campos%20requeridos%22%2C%22errorMessageAllIncorrect%22%3A%22Por%20favor%2C%20rellena%20todos%20los%20campos%20correctamente.%22%2C%22errorMessageSetMailTo%22%3A%22Por%20favor%2C%20configura%20el%20correo%20electr%5Cu00f3nico%20para%20enviar%20mensajes%20a%22%2C%22errorMessageRequiredCaptcha%22%3A%22Please%2C%20enter%20the%20captcha%22%2C%22errorMessageFileSizeLimit%22%3A%22Se%20super%5Cu00f3%20el%20l%5Cu00edmite%20de%20tama%5Cu00f1o%20de%20archivo%22%2C%22errorMessageFileNotAllowed%22%3A%22Extensi%5Cu00f3n%20de%20archivo%20no%20permitida%20-%20Solo%20PDF%22%2C%22errorMessageUnknown%22%3A%22Error%20desconocido%22%2C%22errorMessageRequired%22%3A%22Campo%20requerido%22%2C%22errorMessageInvalid%22%3A%22Invalido%22%2C%22errorMessageInvalidEmail%22%3A%22Correo%20electr%5Cu00f3nico%20no%20v%5Cu00e1lido%22%2C%22errorMessageInvalidPhone%22%3A%22N%5Cu00famero%20de%20tel%5Cu00e9fono%20no%20v%5Cu00e1lido%22%2C%22errorMessageInvalidUrl%22%3A%22URL%20no%20v%5Cu00e1lida%22%2C%22calendarWeekdaysShorthand%22%3A%22Dom%5CnLun%5CnMar%5CnMie%5CnJue%5CnVie%5CnSab%22%2C%22calendarMonthsLonghand%22%3A%22Enero%5CnFebrero%5CnMarzo%5CnAbril%5CnPuede%5CnJunio%5CnJulio%5CnAgosto%5CnSeptiembre%5CnOctubre%5CnNoviembre%5CnDiciembre%22%2C%22showProgress%22%3Atrue%2C%22recaptchaType%22%3A%22checkbox%22%2C%22integrationsGoogleToken%22%3A%22%22%2C%22integrationsGoogleSheetId%22%3A%22%22%2C%22layout%22%3A%22default%22%2C%22floatingIcon%22%3A%22message%22%2C%22floatingText%22%3A%22%22%2C%22floatingPosition%22%3A%22right%22%2C%22width%22%3A%22500%22%2C%22style%22%3A%22flat-rounded%22%2C%22mainColor%22%3A%22rgb%2874%2C%20158%2C%20237%29%22%2C%22apiUrl%22%3A%22https%3A%5C%2F%5C%2Fenviexpress.ec%5C%2Findex.php%3Frest_route%3D%5C%2Felfsight-form-builder%5C%2Fapi%22%2C%22recaptchaKeyCheckbox%22%3A%226LfXGHgUAAAAAHNIE_EH7kEI1l4xvf_ynIlg5bfo%22%2C%22recaptchaKeyInvisible%22%3A%226Ld1CXgUAAAAAFTHmixC1Eo-NP7_3ddB1YOj9AfX%22%2C%22widgetId%22%3A%222%22%7D\" data-elfsight-form-builder-version=\"1.5.1\" data-elfsight-widget-id=\"elfsight-form-builder-2\">\n            <\/div>\n            \t\t\t\t\t\t\t\t<\/div>\n\t\t\t\t<\/div>\n\t\t\t\t<\/div>\n\t\t\t\t\t<\/div>\n\t\t\t\t<\/div>\n\t\t<div class=\"elementor-element elementor-element-98bc49a e-flex e-con-boxed e-con e-parent\" data-id=\"98bc49a\" data-element_type=\"container\">\n\t\t\t\t\t<div class=\"e-con-inner\">\n\t\t\t\t<div class=\"elementor-element elementor-element-41685a1 elementor-widget elementor-widget-spacer\" data-id=\"41685a1\" data-element_type=\"widget\" data-widget_type=\"spacer.default\">\n\t\t\t\t<div class=\"elementor-widget-container\">\n\t\t\t\t\t\t\t<div class=\"elementor-spacer\">\n\t\t\t<div class=\"elementor-spacer-inner\"><\/div>\n\t\t<\/div>\n\t\t\t\t\t\t<\/div>\n\t\t\t\t<\/div>\n\t\t\t\t\t<\/div>\n\t\t\t\t<\/div>\n\t\t<div class=\"elementor-element elementor-element-d981a6f e-flex e-con-boxed e-con e-parent\" data-id=\"d981a6f\" data-element_type=\"container\">\n\t\t\t\t\t<div class=\"e-con-inner\">\n\t\t<div class=\"elementor-element elementor-element-f8b3a0e e-con-full e-flex e-con e-child\" data-id=\"f8b3a0e\" data-element_type=\"container\" data-settings=\"{&quot;background_background&quot;:&quot;classic&quot;}\">\n\t\t\t\t<div class=\"elementor-element elementor-element-f28d709 elementor-widget elementor-widget-text-editor\" data-id=\"f28d709\" data-element_type=\"widget\" data-widget_type=\"text-editor.default\">\n\t\t\t\t<div class=\"elementor-widget-container\">\n\t\t\t\t\t\t\t\t\t\n            <div class=\"elfsight-widget-form-builder elfsight-widget\" data-elfsight-form-builder-options=\"%7B%22ei%22%3A%22%22%2C%22fields%22%3A%5B%7B%22type%22%3A%22text%22%2C%22placeholder%22%3A%22Alexander%20Cruz%22%2C%22description%22%3A%22%22%2C%22label%22%3A%22Nombre%20y%20Apellido%22%2C%22required%22%3Afalse%2C%22columnWidth%22%3A50%2C%22id%22%3A%22%5Bnombre-y-apellido%5D%22%7D%2C%7B%22type%22%3A%22email%22%2C%22label%22%3A%22Correo%20electr%5Cu00f3nico%20%22%2C%22description%22%3A%22%22%2C%22placeholder%22%3A%22alexandercruz%40gmail.com%22%2C%22required%22%3Atrue%2C%22columnWidth%22%3A50%2C%22id%22%3A%22%5Bcorreo-electr%5Cu00f3nico-%5D%22%7D%2C%7B%22type%22%3A%22phone%22%2C%22label%22%3A%22Tel%5Cu00e9fono%20%22%2C%22placeholder%22%3A%220987654321%22%2C%22description%22%3A%22%22%2C%22required%22%3Atrue%2C%22columnWidth%22%3A50%2C%22id%22%3A%22%5Btel%5Cu00e9fono-%5D%22%7D%2C%7B%22type%22%3A%22text%22%2C%22label%22%3A%22Ciudad%22%2C%22name%22%3A%22%22%2C%22placeholder%22%3A%22Quito%22%2C%22options%22%3A%22Option%201%5CnOption%202%22%2C%22scaleNumbersMin%22%3A1%2C%22scaleNumbersMax%22%3A10%2C%22leftCaption%22%3A%22Not%20likely%22%2C%22rightCaption%22%3A%22Very%20likely%22%2C%22fileLinkCaption%22%3A%22Choose%20file%22%2C%22fileDragCaption%22%3A%22or%20drag%20%26%20drop%20here%22%2C%22text%22%3A%22Text%22%2C%22title%22%3A%22Heading%22%2C%22caption%22%3A%22%22%2C%22value%22%3A%22%22%2C%22labelText%22%3A%22Label%22%2C%22dateTime%22%3A%22date%22%2C%22dateFormat%22%3A%22d.m.Y%22%2C%22timeFormat%22%3A%22H%3Ai%22%2C%22starsCount%22%3A5%2C%22required%22%3Atrue%2C%22description%22%3A%22%22%2C%22columnWidth%22%3A50%2C%22elementColumnWidth%22%3A100%2C%22fileAllowedAll%22%3Atrue%2C%22fileAllowed%22%3A%5B%22.jpg%22%2C%22.jpeg%22%2C%22.png%22%2C%22.gif%22%2C%22.txt%22%2C%22.pdf%22%2C%22.doc%22%2C%22.docx%22%2C%22.pages%22%2C%22.numbers%22%2C%22.xls%22%2C%22.xlsx%22%2C%22.odt%22%2C%22.ppt%22%2C%22.pptx%22%2C%22.pps%22%2C%22.ppsx%22%2C%22.html%22%5D%2C%22fileMax%22%3A25%2C%22fields%22%3A%22%22%2C%22id%22%3A%22%5Bciudad%5D%22%7D%2C%7B%22type%22%3A%22text%22%2C%22label%22%3A%22Direcci%5Cu00f3n%20%5C%2F%20Sector%22%2C%22name%22%3A%22%22%2C%22placeholder%22%3A%22Av.%20Universitaria%20y%20Transversal%22%2C%22options%22%3A%22Option%201%5CnOption%202%22%2C%22scaleNumbersMin%22%3A1%2C%22scaleNumbersMax%22%3A10%2C%22leftCaption%22%3A%22Not%20likely%22%2C%22rightCaption%22%3A%22Very%20likely%22%2C%22fileLinkCaption%22%3A%22Choose%20file%22%2C%22fileDragCaption%22%3A%22or%20drag%20%26%20drop%20here%22%2C%22text%22%3A%22Text%22%2C%22title%22%3A%22Heading%22%2C%22caption%22%3A%22%22%2C%22value%22%3A%22%22%2C%22labelText%22%3A%22Label%22%2C%22dateTime%22%3A%22date%22%2C%22dateFormat%22%3A%22d.m.Y%22%2C%22timeFormat%22%3A%22H%3Ai%22%2C%22starsCount%22%3A5%2C%22required%22%3Atrue%2C%22description%22%3A%22%22%2C%22columnWidth%22%3A50%2C%22elementColumnWidth%22%3A100%2C%22fileAllowedAll%22%3Atrue%2C%22fileAllowed%22%3A%5B%22.jpg%22%2C%22.jpeg%22%2C%22.png%22%2C%22.gif%22%2C%22.txt%22%2C%22.pdf%22%2C%22.doc%22%2C%22.docx%22%2C%22.pages%22%2C%22.numbers%22%2C%22.xls%22%2C%22.xlsx%22%2C%22.odt%22%2C%22.ppt%22%2C%22.pptx%22%2C%22.pps%22%2C%22.ppsx%22%2C%22.html%22%5D%2C%22fileMax%22%3A25%2C%22fields%22%3A%22%22%2C%22id%22%3A%22%5Bdirecci%5Cu00f3n-%5C%2F-sector%5D%22%7D%2C%7B%22type%22%3A%22text%22%2C%22label%22%3A%22%5Cu00daltimo%20cargo%20%5C%2F%20Cargo%20actual%20%22%2C%22name%22%3A%22%22%2C%22placeholder%22%3A%22Gerente%22%2C%22options%22%3A%22Option%201%5CnOption%202%22%2C%22scaleNumbersMin%22%3A1%2C%22scaleNumbersMax%22%3A10%2C%22leftCaption%22%3A%22Not%20likely%22%2C%22rightCaption%22%3A%22Very%20likely%22%2C%22fileLinkCaption%22%3A%22Choose%20file%22%2C%22fileDragCaption%22%3A%22or%20drag%20%26%20drop%20here%22%2C%22text%22%3A%22Text%22%2C%22title%22%3A%22Heading%22%2C%22caption%22%3A%22%22%2C%22value%22%3A%22%22%2C%22labelText%22%3A%22Label%22%2C%22dateTime%22%3A%22date%22%2C%22dateFormat%22%3A%22d.m.Y%22%2C%22timeFormat%22%3A%22H%3Ai%22%2C%22starsCount%22%3A5%2C%22required%22%3Afalse%2C%22description%22%3A%22%22%2C%22columnWidth%22%3A50%2C%22elementColumnWidth%22%3A100%2C%22fileAllowedAll%22%3Atrue%2C%22fileAllowed%22%3A%5B%22.jpg%22%2C%22.jpeg%22%2C%22.png%22%2C%22.gif%22%2C%22.txt%22%2C%22.pdf%22%2C%22.doc%22%2C%22.docx%22%2C%22.pages%22%2C%22.numbers%22%2C%22.xls%22%2C%22.xlsx%22%2C%22.odt%22%2C%22.ppt%22%2C%22.pptx%22%2C%22.pps%22%2C%22.ppsx%22%2C%22.html%22%5D%2C%22fileMax%22%3A25%2C%22fields%22%3A%22%22%2C%22id%22%3A%22%5B%5Cu00faltimo-cargo-%5C%2F-cargo-actual-%5D%22%7D%2C%7B%22type%22%3A%22text%22%2C%22label%22%3A%22Disponibilidad%22%2C%22name%22%3A%22%22%2C%22placeholder%22%3A%22Inmediata%22%2C%22options%22%3A%22Option%201%5CnOption%202%22%2C%22scaleNumbersMin%22%3A1%2C%22scaleNumbersMax%22%3A10%2C%22leftCaption%22%3A%22Not%20likely%22%2C%22rightCaption%22%3A%22Very%20likely%22%2C%22fileLinkCaption%22%3A%22Choose%20file%22%2C%22fileDragCaption%22%3A%22or%20drag%20%26%20drop%20here%22%2C%22text%22%3A%22Text%22%2C%22title%22%3A%22Heading%22%2C%22caption%22%3A%22%22%2C%22value%22%3A%22%22%2C%22labelText%22%3A%22Label%22%2C%22dateTime%22%3A%22date%22%2C%22dateFormat%22%3A%22d.m.Y%22%2C%22timeFormat%22%3A%22H%3Ai%22%2C%22starsCount%22%3A5%2C%22required%22%3Afalse%2C%22description%22%3A%22%22%2C%22columnWidth%22%3A50%2C%22elementColumnWidth%22%3A100%2C%22fileAllowedAll%22%3Atrue%2C%22fileAllowed%22%3A%5B%22.jpg%22%2C%22.jpeg%22%2C%22.png%22%2C%22.gif%22%2C%22.txt%22%2C%22.pdf%22%2C%22.doc%22%2C%22.docx%22%2C%22.pages%22%2C%22.numbers%22%2C%22.xls%22%2C%22.xlsx%22%2C%22.odt%22%2C%22.ppt%22%2C%22.pptx%22%2C%22.pps%22%2C%22.ppsx%22%2C%22.html%22%5D%2C%22fileMax%22%3A25%2C%22fields%22%3A%22%22%2C%22id%22%3A%22%5Bdisponibilidad%5D%22%7D%2C%7B%22type%22%3A%22text%22%2C%22label%22%3A%22Cargo%20al%20que%20aplica%20%22%2C%22name%22%3A%22%22%2C%22placeholder%22%3A%22Marketing%22%2C%22options%22%3A%22Option%201%5CnOption%202%22%2C%22scaleNumbersMin%22%3A1%2C%22scaleNumbersMax%22%3A10%2C%22leftCaption%22%3A%22Not%20likely%22%2C%22rightCaption%22%3A%22Very%20likely%22%2C%22fileLinkCaption%22%3A%22Choose%20file%22%2C%22fileDragCaption%22%3A%22or%20drag%20%26%20drop%20here%22%2C%22text%22%3A%22Text%22%2C%22title%22%3A%22Heading%22%2C%22caption%22%3A%22%22%2C%22value%22%3A%22%22%2C%22labelText%22%3A%22Label%22%2C%22dateTime%22%3A%22date%22%2C%22dateFormat%22%3A%22d.m.Y%22%2C%22timeFormat%22%3A%22H%3Ai%22%2C%22starsCount%22%3A5%2C%22required%22%3Afalse%2C%22description%22%3A%22%22%2C%22columnWidth%22%3A50%2C%22elementColumnWidth%22%3A100%2C%22fileAllowedAll%22%3Atrue%2C%22fileAllowed%22%3A%5B%22.jpg%22%2C%22.jpeg%22%2C%22.png%22%2C%22.gif%22%2C%22.txt%22%2C%22.pdf%22%2C%22.doc%22%2C%22.docx%22%2C%22.pages%22%2C%22.numbers%22%2C%22.xls%22%2C%22.xlsx%22%2C%22.odt%22%2C%22.ppt%22%2C%22.pptx%22%2C%22.pps%22%2C%22.ppsx%22%2C%22.html%22%5D%2C%22fileMax%22%3A25%2C%22fields%22%3A%22%22%2C%22id%22%3A%22%5Bcargo-al-que-aplica-%5D%22%7D%2C%7B%22type%22%3A%22textarea%22%2C%22label%22%3A%22Mensaje%22%2C%22description%22%3A%22%22%2C%22placeholder%22%3A%22D%5Cu00e9janos%20tu%20mensaje%22%2C%22required%22%3Atrue%2C%22columnWidth%22%3A100%2C%22id%22%3A%22%5Bmensaje%5D%22%7D%2C%7B%22type%22%3A%22file%22%2C%22label%22%3A%22Adjuntar%20archivo%20%22%2C%22description%22%3A%22%22%2C%22fileLinkCaption%22%3A%22Escoge%20tu%20archivo%22%2C%22fileDragCaption%22%3A%22o%20arrastra%20y%20suelta%20aqu%5Cu00ed%22%2C%22fileAllowedAll%22%3Afalse%2C%22fileMax%22%3A25%2C%22required%22%3Afalse%2C%22fileAllowed%22%3A%5B%22.pdf%22%5D%7D%5D%2C%22headerActive%22%3Afalse%2C%22headerTitle%22%3A%22Trabaja%20con%20Nosotros%22%2C%22headerText%22%3A%22D%5Cu00e9janos%20tu%20informaci%5Cu00f3n%20y%20hoja%20de%20vida%20si%20quieres%20ser%20parte%20de%20ENVIEXPRESS%22%2C%22headerPictureUrl%22%3A%22feedback%22%2C%22footerText%22%3A%22%22%2C%22actionAfterSubmit%22%3A%22message%22%2C%22successMessage%22%3A%22%5Cu00a1Tu%20mensaje%20fue%20enviado%20exitosamente%21%20Le%20responderemos%20en%20breve.%22%2C%22successContinueText%22%3A%22OK%22%2C%22redirectUrl%22%3A%22https%3A%5C%2F%5C%2Fexample.com%22%2C%22submitText%22%3A%22Enviar%22%2C%22stepsMessagesDivider%22%3Anull%2C%22stepsMessagesTitle%22%3Anull%2C%22stepsText%22%3A%22step%20%251%20of%20%252%22%2C%22stepBackText%22%3A%22Back%22%2C%22stepNextText%22%3A%22Next%22%2C%22errorMessageAllRequired%22%3A%22Por%20favor%2C%20complete%20todos%20los%20campos%20requeridos%22%2C%22errorMessageAllIncorrect%22%3A%22Por%20favor%2C%20rellena%20todos%20los%20campos%20correctamente.%22%2C%22errorMessageSetMailTo%22%3A%22Por%20favor%2C%20configura%20el%20correo%20electr%5Cu00f3nico%20para%20enviar%20mensajes%20a%22%2C%22errorMessageRequiredCaptcha%22%3A%22Please%2C%20enter%20the%20captcha%22%2C%22errorMessageFileSizeLimit%22%3A%22Se%20super%5Cu00f3%20el%20l%5Cu00edmite%20de%20tama%5Cu00f1o%20de%20archivo%22%2C%22errorMessageFileNotAllowed%22%3A%22Extensi%5Cu00f3n%20de%20archivo%20no%20permitida%20-%20Solo%20PDF%22%2C%22errorMessageUnknown%22%3A%22Error%20desconocido%22%2C%22errorMessageRequired%22%3A%22Campo%20requerido%22%2C%22errorMessageInvalid%22%3A%22Invalido%22%2C%22errorMessageInvalidEmail%22%3A%22Correo%20electr%5Cu00f3nico%20no%20v%5Cu00e1lido%22%2C%22errorMessageInvalidPhone%22%3A%22N%5Cu00famero%20de%20tel%5Cu00e9fono%20no%20v%5Cu00e1lido%22%2C%22errorMessageInvalidUrl%22%3A%22URL%20no%20v%5Cu00e1lida%22%2C%22calendarWeekdaysShorthand%22%3A%22Dom%5CnLun%5CnMar%5CnMie%5CnJue%5CnVie%5CnSab%22%2C%22calendarMonthsLonghand%22%3A%22Enero%5CnFebrero%5CnMarzo%5CnAbril%5CnPuede%5CnJunio%5CnJulio%5CnAgosto%5CnSeptiembre%5CnOctubre%5CnNoviembre%5CnDiciembre%22%2C%22showProgress%22%3Atrue%2C%22recaptchaType%22%3A%22checkbox%22%2C%22integrationsGoogleToken%22%3A%22%22%2C%22integrationsGoogleSheetId%22%3A%22%22%2C%22layout%22%3A%22default%22%2C%22floatingIcon%22%3A%22message%22%2C%22floatingText%22%3A%22%22%2C%22floatingPosition%22%3A%22right%22%2C%22width%22%3A%22500%22%2C%22style%22%3A%22flat-rounded%22%2C%22mainColor%22%3A%22rgb%2874%2C%20158%2C%20237%29%22%2C%22apiUrl%22%3A%22https%3A%5C%2F%5C%2Fenviexpress.ec%5C%2Findex.php%3Frest_route%3D%5C%2Felfsight-form-builder%5C%2Fapi%22%2C%22recaptchaKeyCheckbox%22%3A%226LfXGHgUAAAAAHNIE_EH7kEI1l4xvf_ynIlg5bfo%22%2C%22recaptchaKeyInvisible%22%3A%226Ld1CXgUAAAAAFTHmixC1Eo-NP7_3ddB1YOj9AfX%22%2C%22widgetId%22%3A%221%22%7D\" data-elfsight-form-builder-version=\"1.5.1\" data-elfsight-widget-id=\"elfsight-form-builder-1\">\n            <\/div>\n            \t\t\t\t\t\t\t\t<\/div>\n\t\t\t\t<\/div>\n\t\t\t\t<\/div>\n\t\t\t\t<div class=\"elementor-element elementor-element-e551350 elementor-widget elementor-widget-spacer\" data-id=\"e551350\" data-element_type=\"widget\" data-widget_type=\"spacer.default\">\n\t\t\t\t<div class=\"elementor-widget-container\">\n\t\t\t\t\t\t\t<div class=\"elementor-spacer\">\n\t\t\t<div class=\"elementor-spacer-inner\"><\/div>\n\t\t<\/div>\n\t\t\t\t\t\t<\/div>\n\t\t\t\t<\/div>\n\t\t<div class=\"elementor-element elementor-element-c07cd0e e-con-full e-flex e-con e-child\" data-id=\"c07cd0e\" data-element_type=\"container\">\n\t\t\t\t<div class=\"elementor-element elementor-element-822366a elementor-widget elementor-widget-heading\" data-id=\"822366a\" data-element_type=\"widget\" data-widget_type=\"heading.default\">\n\t\t\t\t<div class=\"elementor-widget-container\">\n\t\t\t\t\t<h2 class=\"elementor-heading-title elementor-size-default\">Trabaja con nosotros\n<\/h2>\t\t\t\t<\/div>\n\t\t\t\t<\/div>\n\t\t\t\t<div class=\"elementor-element elementor-element-17e9c70 elementor-widget elementor-widget-text-editor\" data-id=\"17e9c70\" data-element_type=\"widget\" data-widget_type=\"text-editor.default\">\n\t\t\t\t<div class=\"elementor-widget-container\">\n\t\t\t\t\t\t\t\t\t<p>\u00bfTe gustar\u00eda unirte a nuestro equipo?<br \/>Completa tus datos y te notificaremos si hay alguna<br \/>posici\u00f3n disponible.<\/p>\t\t\t\t\t\t\t\t<\/div>\n\t\t\t\t<\/div>\n\t\t\t\t<\/div>\n\t\t\t\t\t<\/div>\n\t\t\t\t<\/div>\n\t\t<div class=\"elementor-element elementor-element-1aff415 e-flex e-con-boxed e-con e-parent\" data-id=\"1aff415\" data-element_type=\"container\">\n\t\t\t\t\t<div class=\"e-con-inner\">\n\t\t\t\t<div class=\"elementor-element elementor-element-c00eede elementor-widget elementor-widget-spacer\" data-id=\"c00eede\" data-element_type=\"widget\" data-widget_type=\"spacer.default\">\n\t\t\t\t<div class=\"elementor-widget-container\">\n\t\t\t\t\t\t\t<div class=\"elementor-spacer\">\n\t\t\t<div class=\"elementor-spacer-inner\"><\/div>\n\t\t<\/div>\n\t\t\t\t\t\t<\/div>\n\t\t\t\t<\/div>\n\t\t\t\t\t<\/div>\n\t\t\t\t<\/div>\n\t\t\t\t<\/div>\n\t\t","protected":false},"excerpt":{"rendered":"<p>Cont\u00e1ctanos Env\u00edanos un correo electr\u00f3nico, ll\u00e1manos ollena el formulario de tu inter\u00e9s para ponerteen contacto con nosotros. Servicio al cliente 023731400servicioalcliente@enviexpress.ec Solicita un servicio \u00bfQuieres solicitar informaci\u00f3n sobre nuestros servicios?Proporciona tus datos y pronto nos pondremos encontacto. Trabaja con nosotros \u00bfTe gustar\u00eda unirte a nuestro equipo?Completa tus datos y te notificaremos si hay algunaposici\u00f3n disponible.<\/p>\n","protected":false},"author":1,"featured_media":0,"parent":0,"menu_order":0,"comment_status":"closed","ping_status":"closed","template":"","meta":{"footnotes":""},"class_list":["post-61","page","type-page","status-publish","hentry"],"_links":{"self":[{"href":"https:\/\/enviexpress.ec\/index.php?rest_route=\/wp\/v2\/pages\/61","targetHints":{"allow":["GET"]}}],"collection":[{"href":"https:\/\/enviexpress.ec\/index.php?rest_route=\/wp\/v2\/pages"}],"about":[{"href":"https:\/\/enviexpress.ec\/index.php?rest_route=\/wp\/v2\/types\/page"}],"author":[{"embeddable":true,"href":"https:\/\/enviexpress.ec\/index.php?rest_route=\/wp\/v2\/users\/1"}],"replies":[{"embeddable":true,"href":"https:\/\/enviexpress.ec\/index.php?rest_route=%2Fwp%2Fv2%2Fcomments&post=61"}],"version-history":[{"count":184,"href":"https:\/\/enviexpress.ec\/index.php?rest_route=\/wp\/v2\/pages\/61\/revisions"}],"predecessor-version":[{"id":2134,"href":"https:\/\/enviexpress.ec\/index.php?rest_route=\/wp\/v2\/pages\/61\/revisions\/2134"}],"wp:attachment":[{"href":"https:\/\/enviexpress.ec\/index.php?rest_route=%2Fwp%2Fv2%2Fmedia&parent=61"}],"curies":[{"name":"wp","href":"https:\/\/api.w.org\/{rel}","templated":true}]}}