{"id":49,"date":"2024-09-30T20:50:07","date_gmt":"2024-09-30T20:50:07","guid":{"rendered":"https:\/\/enviexpress.ec\/?page_id=49"},"modified":"2025-07-24T16:21:29","modified_gmt":"2025-07-24T16:21:29","slug":"envios-courier","status":"publish","type":"page","link":"https:\/\/enviexpress.ec\/?page_id=49","title":{"rendered":"\u00daltima milla"},"content":{"rendered":"\t\t<div data-elementor-type=\"wp-page\" data-elementor-id=\"49\" class=\"elementor elementor-49\" data-elementor-post-type=\"page\">\n\t\t\t\t<div class=\"elementor-element elementor-element-d65c0eb e-flex e-con-boxed e-con e-parent\" data-id=\"d65c0eb\" data-element_type=\"container\">\n\t\t\t\t\t<div class=\"e-con-inner\">\n\t\t\t\t<div class=\"elementor-element elementor-element-7b3b05e elementor-widget-divider--view-line elementor-widget elementor-widget-divider\" data-id=\"7b3b05e\" data-element_type=\"widget\" data-widget_type=\"divider.default\">\n\t\t\t\t<div class=\"elementor-widget-container\">\n\t\t\t\t\t\t\t<div class=\"elementor-divider\">\n\t\t\t<span class=\"elementor-divider-separator\">\n\t\t\t\t\t\t<\/span>\n\t\t<\/div>\n\t\t\t\t\t\t<\/div>\n\t\t\t\t<\/div>\n\t\t\t\t\t<\/div>\n\t\t\t\t<\/div>\n\t\t<div class=\"elementor-element elementor-element-cc163b1 e-flex e-con-boxed e-con e-parent\" data-id=\"cc163b1\" data-element_type=\"container\">\n\t\t\t\t\t<div class=\"e-con-inner\">\n\t\t<div class=\"elementor-element elementor-element-b3e91a5 e-con-full e-flex e-con e-child\" data-id=\"b3e91a5\" data-element_type=\"container\">\n\t\t\t\t<div class=\"elementor-element elementor-element-72f4722 elementor-widget__width-initial elementor-widget elementor-widget-image\" data-id=\"72f4722\" data-element_type=\"widget\" data-widget_type=\"image.default\">\n\t\t\t\t<div class=\"elementor-widget-container\">\n\t\t\t\t\t\t\t\t\t\t\t\t\t\t\t<img fetchpriority=\"high\" decoding=\"async\" width=\"1000\" height=\"181\" src=\"https:\/\/enviexpress.ec\/wp-content\/uploads\/2025\/07\/para-fondos-claros-2.png\" class=\"attachment-full size-full wp-image-2101\" alt=\"\" srcset=\"https:\/\/enviexpress.ec\/wp-content\/uploads\/2025\/07\/para-fondos-claros-2.png 1000w, https:\/\/enviexpress.ec\/wp-content\/uploads\/2025\/07\/para-fondos-claros-2-300x54.png 300w, https:\/\/enviexpress.ec\/wp-content\/uploads\/2025\/07\/para-fondos-claros-2-768x139.png 768w\" sizes=\"(max-width: 1000px) 100vw, 1000px\" \/>\t\t\t\t\t\t\t\t\t\t\t\t\t\t\t<\/div>\n\t\t\t\t<\/div>\n\t\t\t\t<div class=\"elementor-element elementor-element-657c61e elementor-widget elementor-widget-heading\" data-id=\"657c61e\" data-element_type=\"widget\" data-widget_type=\"heading.default\">\n\t\t\t\t<div class=\"elementor-widget-container\">\n\t\t\t\t\t<h2 class=\"elementor-heading-title elementor-size-default\">Entregas de          <\/h2>\t\t\t\t<\/div>\n\t\t\t\t<\/div>\n\t\t\t\t<div class=\"elementor-element elementor-element-7ec1c97 elementor-widget elementor-widget-heading\" data-id=\"7ec1c97\" data-element_type=\"widget\" data-widget_type=\"heading.default\">\n\t\t\t\t<div class=\"elementor-widget-container\">\n\t\t\t\t\t<h2 class=\"elementor-heading-title elementor-size-default\">\u00daLTIMA MILLA<\/h2>\t\t\t\t<\/div>\n\t\t\t\t<\/div>\n\t\t\t\t<div class=\"elementor-element elementor-element-c16c1f5 elementor-widget elementor-widget-text-editor\" data-id=\"c16c1f5\" data-element_type=\"widget\" data-widget_type=\"text-editor.default\">\n\t\t\t\t<div class=\"elementor-widget-container\">\n\t\t\t\t\t\t\t\t\t<p>Nuestro servicio de <strong><span style=\"color: #ff6600;\">entregas de \u00faltima milla<\/span><\/strong> proporciona a las empresas una soluci\u00f3n eficiente para transportar sus productos de manera \u00e1gil, r\u00e1pida y confiable.<\/p><p>Desde el movimiento de mercanc\u00edas entre bodegas hasta la distribuci\u00f3n a puntos de venta, ofrecemos una <span style=\"color: #ff6600;\"><b>log\u00edstica optimizada que asegura entregas puntuales y efectivas<\/b><\/span>, respaldada por un equipo profesional y comprometido.<\/p>\t\t\t\t\t\t\t\t<\/div>\n\t\t\t\t<\/div>\n\t\t\t\t<\/div>\n\t\t<div class=\"elementor-element elementor-element-5e83584 e-con-full e-flex e-con e-child\" data-id=\"5e83584\" data-element_type=\"container\">\n\t\t\t\t<div class=\"elementor-element elementor-element-f5c298e elementor-widget__width-initial elementor-widget elementor-widget-image\" data-id=\"f5c298e\" data-element_type=\"widget\" data-widget_type=\"image.default\">\n\t\t\t\t<div class=\"elementor-widget-container\">\n\t\t\t\t\t\t\t\t\t\t\t\t\t\t\t<img decoding=\"async\" src=\"https:\/\/enviexpress.ec\/wp-content\/uploads\/elementor\/thumbs\/UltimaMilla-r98l0j71axaa8e2vm9i1ltdcu0vovbz7ppqqba3s5c.png\" title=\"UltimaMilla\" alt=\"UltimaMilla\" loading=\"lazy\" \/>\t\t\t\t\t\t\t\t\t\t\t\t\t\t\t<\/div>\n\t\t\t\t<\/div>\n\t\t\t\t<\/div>\n\t\t\t\t\t<\/div>\n\t\t\t\t<\/div>\n\t\t<div class=\"elementor-element elementor-element-6d2a95d e-flex e-con-boxed e-con e-parent\" data-id=\"6d2a95d\" data-element_type=\"container\">\n\t\t\t\t\t<div class=\"e-con-inner\">\n\t\t\t\t<div class=\"elementor-element elementor-element-906944a elementor-widget-divider--view-line elementor-widget elementor-widget-divider\" data-id=\"906944a\" data-element_type=\"widget\" data-widget_type=\"divider.default\">\n\t\t\t\t<div class=\"elementor-widget-container\">\n\t\t\t\t\t\t\t<div class=\"elementor-divider\">\n\t\t\t<span class=\"elementor-divider-separator\">\n\t\t\t\t\t\t<\/span>\n\t\t<\/div>\n\t\t\t\t\t\t<\/div>\n\t\t\t\t<\/div>\n\t\t\t\t\t<\/div>\n\t\t\t\t<\/div>\n\t\t\t\t<\/div>\n\t\t","protected":false},"excerpt":{"rendered":"<p>Entregas de \u00daLTIMA MILLA Nuestro servicio de entregas de \u00faltima milla proporciona a las empresas una soluci\u00f3n eficiente para transportar sus productos de manera \u00e1gil, r\u00e1pida y confiable. Desde el movimiento de mercanc\u00edas entre bodegas hasta la distribuci\u00f3n a puntos de venta, ofrecemos una log\u00edstica optimizada que asegura entregas puntuales y efectivas, respaldada por un [&hellip;]<\/p>\n","protected":false},"author":1,"featured_media":0,"parent":0,"menu_order":0,"comment_status":"closed","ping_status":"closed","template":"","meta":{"footnotes":""},"class_list":["post-49","page","type-page","status-publish","hentry"],"_links":{"self":[{"href":"https:\/\/enviexpress.ec\/index.php?rest_route=\/wp\/v2\/pages\/49","targetHints":{"allow":["GET"]}}],"collection":[{"href":"https:\/\/enviexpress.ec\/index.php?rest_route=\/wp\/v2\/pages"}],"about":[{"href":"https:\/\/enviexpress.ec\/index.php?rest_route=\/wp\/v2\/types\/page"}],"author":[{"embeddable":true,"href":"https:\/\/enviexpress.ec\/index.php?rest_route=\/wp\/v2\/users\/1"}],"replies":[{"embeddable":true,"href":"https:\/\/enviexpress.ec\/index.php?rest_route=%2Fwp%2Fv2%2Fcomments&post=49"}],"version-history":[{"count":96,"href":"https:\/\/enviexpress.ec\/index.php?rest_route=\/wp\/v2\/pages\/49\/revisions"}],"predecessor-version":[{"id":2116,"href":"https:\/\/enviexpress.ec\/index.php?rest_route=\/wp\/v2\/pages\/49\/revisions\/2116"}],"wp:attachment":[{"href":"https:\/\/enviexpress.ec\/index.php?rest_route=%2Fwp%2Fv2%2Fmedia&parent=49"}],"curies":[{"name":"wp","href":"https:\/\/api.w.org\/{rel}","templated":true}]}}