{"id":102,"date":"2024-09-30T20:50:26","date_gmt":"2024-09-30T20:50:26","guid":{"rendered":"https:\/\/enviexpress.ec\/?page_id=102"},"modified":"2024-10-09T14:06:42","modified_gmt":"2024-10-09T14:06:42","slug":"sobre-nosotros","status":"publish","type":"page","link":"https:\/\/enviexpress.ec\/?page_id=102","title":{"rendered":"Sobre nosotros"},"content":{"rendered":"\t\t<div data-elementor-type=\"wp-page\" data-elementor-id=\"102\" class=\"elementor elementor-102\" data-elementor-post-type=\"page\">\n\t\t\t\t<div class=\"elementor-element elementor-element-19e4ae7c e-con-full e-flex e-con e-parent\" data-id=\"19e4ae7c\" data-element_type=\"container\" data-settings=\"{&quot;background_background&quot;:&quot;classic&quot;}\">\n\t\t\t\t<div class=\"elementor-element elementor-element-2f0aa177 elementor-widget elementor-widget-heading\" data-id=\"2f0aa177\" data-element_type=\"widget\" data-widget_type=\"heading.default\">\n\t\t\t\t<div class=\"elementor-widget-container\">\n\t\t\t\t\t<h1 class=\"elementor-heading-title elementor-size-default\">Rapidez<\/h1>\t\t\t\t<\/div>\n\t\t\t\t<\/div>\n\t\t\t\t<div class=\"elementor-element elementor-element-315f3207 elementor-widget elementor-widget-text-editor\" data-id=\"315f3207\" data-element_type=\"widget\" data-widget_type=\"text-editor.default\">\n\t\t\t\t<div class=\"elementor-widget-container\">\n\t\t\t\t\t\t\t\t\t<h4><span class=\"OYPEnA text-decoration-none text-strikethrough-none\">Nuestra prioridad es garantizar la entrega oportuna de tus env\u00edos, brind\u00e1ndote la tranquilidad de que tus paquetes llegar\u00e1n a su destino en tiempos de entrega r\u00e9cord.<\/span><\/h4>\t\t\t\t\t\t\t\t<\/div>\n\t\t\t\t<\/div>\n\t\t\t\t<\/div>\n\t\t<div class=\"elementor-element elementor-element-877cef4 e-con-full e-flex e-con e-parent\" data-id=\"877cef4\" data-element_type=\"container\" data-settings=\"{&quot;background_background&quot;:&quot;gradient&quot;}\">\n\t\t<div class=\"elementor-element elementor-element-4bb17911 e-con-full elementor-hidden-mobile e-flex e-con e-child\" data-id=\"4bb17911\" data-element_type=\"container\" data-settings=\"{&quot;background_background&quot;:&quot;classic&quot;}\">\n\t\t\t\t<\/div>\n\t\t<div class=\"elementor-element elementor-element-223c2305 e-con-full e-flex e-con e-child\" data-id=\"223c2305\" data-element_type=\"container\">\n\t\t\t\t<div class=\"elementor-element elementor-element-28323bef elementor-widget elementor-widget-heading\" data-id=\"28323bef\" data-element_type=\"widget\" data-widget_type=\"heading.default\">\n\t\t\t\t<div class=\"elementor-widget-container\">\n\t\t\t\t\t<h2 class=\"elementor-heading-title elementor-size-default\">Tecnolog\u00eda<\/h2>\t\t\t\t<\/div>\n\t\t\t\t<\/div>\n\t\t\t\t<div class=\"elementor-element elementor-element-71f4df25 elementor-hidden-mobile elementor-widget elementor-widget-text-editor\" data-id=\"71f4df25\" data-element_type=\"widget\" data-widget_type=\"text-editor.default\">\n\t\t\t\t<div class=\"elementor-widget-container\">\n\t\t\t\t\t\t\t\t\t<p>Desde que recibimos tu paquete hasta su entrega, garantizamos seguridad y puntualidad en cada etapa del proceso log\u00edstico.<\/p><p>Nuestra <strong>tecnolog\u00eda<\/strong> te <strong>permitir\u00e1<\/strong> tener un rastreo en tiempo real de cada uno de tus <strong>env\u00edos<\/strong>.<\/p>\t\t\t\t\t\t\t\t<\/div>\n\t\t\t\t<\/div>\n\t\t\t\t<div class=\"elementor-element elementor-element-a114ae3 elementor-hidden-desktop elementor-hidden-tablet elementor-widget elementor-widget-text-editor\" data-id=\"a114ae3\" data-element_type=\"widget\" data-widget_type=\"text-editor.default\">\n\t\t\t\t<div class=\"elementor-widget-container\">\n\t\t\t\t\t\t\t\t\t<p><span class=\"OYPEnA text-decoration-none text-strikethrough-none\">Desde que recibimos tu paquete hasta su entrega, garantizamos seguridad y puntualidad en cada etapa del proceso log\u00edstico.<\/span><\/p><p class=\"cvGsUA direction-ltr align-start para-style-body\"><span class=\"OYPEnA text-decoration-none text-strikethrough-none\">Nuestro compromiso con la eficiencia se manifiesta en cada paso, asegur\u00e1ndote la mejor experiencia en env\u00edos, respaldada por un proceso \u00e1gil y efectivo.<\/span><\/p>\t\t\t\t\t\t\t\t<\/div>\n\t\t\t\t<\/div>\n\t\t\t\t<\/div>\n\t\t\t\t<\/div>\n\t\t<div class=\"elementor-element elementor-element-3ba25f2e e-con-full e-flex e-con e-parent\" data-id=\"3ba25f2e\" data-element_type=\"container\">\n\t\t<div class=\"elementor-element elementor-element-66efb991 e-con-full e-flex e-con e-child\" data-id=\"66efb991\" data-element_type=\"container\">\n\t\t\t\t<div class=\"elementor-element elementor-element-6bcb6670 elementor-widget elementor-widget-heading\" data-id=\"6bcb6670\" data-element_type=\"widget\" data-widget_type=\"heading.default\">\n\t\t\t\t<div class=\"elementor-widget-container\">\n\t\t\t\t\t<h2 class=\"elementor-heading-title elementor-size-default\">Personalizaci\u00f3n<\/h2>\t\t\t\t<\/div>\n\t\t\t\t<\/div>\n\t\t\t\t<div class=\"elementor-element elementor-element-6d181ce6 elementor-hidden-desktop elementor-hidden-tablet elementor-widget elementor-widget-text-editor\" data-id=\"6d181ce6\" data-element_type=\"widget\" data-widget_type=\"text-editor.default\">\n\t\t\t\t<div class=\"elementor-widget-container\">\n\t\t\t\t\t\t\t\t\t<p class=\"cvGsUA direction-ltr align-start para-style-body\"><span class=\"OYPEnA text-decoration-none text-strikethrough-none\">Valoramos tu confianza y seguridad en cada env\u00edo.<\/span><\/p><p class=\"cvGsUA direction-ltr align-start para-style-body\"><span class=\"OYPEnA text-decoration-none text-strikethrough-none\">Contamos con sistemas de informaci\u00f3n robustos que garantizan la trazabilidad y seguridad de tus paquetes en todo momento.<\/span><\/p><p class=\"cvGsUA direction-ltr align-start para-style-body\"><span class=\"OYPEnA text-decoration-none text-strikethrough-none\">Puedes confiar en nosotros para proporcionarte un servicio confiable y transparente, asegurando que tus env\u00edos lleguen a su destino sin contratiempos.<\/span><\/p>\t\t\t\t\t\t\t\t<\/div>\n\t\t\t\t<\/div>\n\t\t\t\t<div class=\"elementor-element elementor-element-1b824aec elementor-hidden-mobile elementor-widget elementor-widget-text-editor\" data-id=\"1b824aec\" data-element_type=\"widget\" data-widget_type=\"text-editor.default\">\n\t\t\t\t<div class=\"elementor-widget-container\">\n\t\t\t\t\t\t\t\t\t<p>Creemos en la importancia de la personalizaci\u00f3n en cada servicio que ofrecemos.<\/p><p>Te brindamos asistencia personalizada para adaptarnos a las necesidades <strong>espec\u00edficas<\/strong> de tu negocio.<\/p>\t\t\t\t\t\t\t\t<\/div>\n\t\t\t\t<\/div>\n\t\t\t\t<\/div>\n\t\t<div class=\"elementor-element elementor-element-53c725f5 e-con-full e-flex e-con e-child\" data-id=\"53c725f5\" data-element_type=\"container\" data-settings=\"{&quot;background_background&quot;:&quot;classic&quot;}\">\n\t\t\t\t<\/div>\n\t\t\t\t<\/div>\n\t\t<div class=\"elementor-element elementor-element-41f0f1d8 e-con-full e-flex e-con e-parent\" data-id=\"41f0f1d8\" data-element_type=\"container\">\n\t\t\t\t<div class=\"elementor-element elementor-element-31c1fdc9 elementor-widget elementor-widget-heading\" data-id=\"31c1fdc9\" data-element_type=\"widget\" data-widget_type=\"heading.default\">\n\t\t\t\t<div class=\"elementor-widget-container\">\n\t\t\t\t\t<h2 class=\"elementor-heading-title elementor-size-default\">Nuestros Colaboradores<\/h2>\t\t\t\t<\/div>\n\t\t\t\t<\/div>\n\t\t\t\t<div class=\"elementor-element elementor-element-6ecc6c3b elementor-hidden-mobile elementor-widget elementor-widget-text-editor\" data-id=\"6ecc6c3b\" data-element_type=\"widget\" data-widget_type=\"text-editor.default\">\n\t\t\t\t<div class=\"elementor-widget-container\">\n\t\t\t\t\t\t\t\t\t<p style=\"text-align: center;\"><span class=\"OYPEnA text-decoration-none text-strikethrough-none\">Nos asociamos con aerol\u00edneas l\u00edderes a nivel mundial, reconocidas por su eficiencia, seguridad y alcance global. Esto nos permite brindar a nuestros clientes una amplia cobertura de destinos y entregas r\u00e1pidas y confiables, para as\u00ed garantizar la calidad y excelencia en cada env\u00edo.<\/span><\/p>\t\t\t\t\t\t\t\t<\/div>\n\t\t\t\t<\/div>\n\t\t\t\t<div class=\"elementor-element elementor-element-1096a704 elementor-hidden-desktop elementor-hidden-tablet elementor-widget elementor-widget-text-editor\" data-id=\"1096a704\" data-element_type=\"widget\" data-widget_type=\"text-editor.default\">\n\t\t\t\t<div class=\"elementor-widget-container\">\n\t\t\t\t\t\t\t\t\t<p style=\"text-align: center;\"><span class=\"OYPEnA text-decoration-none text-strikethrough-none\">Nos asociamos con aerol\u00edneas l\u00edderes a nivel mundial, reconocidas por su eficiencia, seguridad y alcance global. Esto nos permite brindar a nuestros clientes una amplia cobertura de destinos y entregas r\u00e1pidas y confiables, para as\u00ed garantizar la calidad y excelencia en cada env\u00edo.<\/span><\/p>\t\t\t\t\t\t\t\t<\/div>\n\t\t\t\t<\/div>\n\t\t\t\t<\/div>\n\t\t<div class=\"elementor-element elementor-element-5ce61f05 e-flex e-con-boxed e-con e-parent\" data-id=\"5ce61f05\" data-element_type=\"container\">\n\t\t\t\t\t<div class=\"e-con-inner\">\n\t\t\t\t\t<\/div>\n\t\t\t\t<\/div>\n\t\t\t\t<\/div>\n\t\t","protected":false},"excerpt":{"rendered":"<p>Rapidez Nuestra prioridad es garantizar la entrega oportuna de tus env\u00edos, brind\u00e1ndote la tranquilidad de que tus paquetes llegar\u00e1n a su destino en tiempos de entrega r\u00e9cord. Tecnolog\u00eda Desde que recibimos tu paquete hasta su entrega, garantizamos seguridad y puntualidad en cada etapa del proceso log\u00edstico. Nuestra tecnolog\u00eda te permitir\u00e1 tener un rastreo en tiempo [&hellip;]<\/p>\n","protected":false},"author":1,"featured_media":0,"parent":0,"menu_order":0,"comment_status":"closed","ping_status":"closed","template":"","meta":{"footnotes":""},"class_list":["post-102","page","type-page","status-publish","hentry"],"_links":{"self":[{"href":"https:\/\/enviexpress.ec\/index.php?rest_route=\/wp\/v2\/pages\/102","targetHints":{"allow":["GET"]}}],"collection":[{"href":"https:\/\/enviexpress.ec\/index.php?rest_route=\/wp\/v2\/pages"}],"about":[{"href":"https:\/\/enviexpress.ec\/index.php?rest_route=\/wp\/v2\/types\/page"}],"author":[{"embeddable":true,"href":"https:\/\/enviexpress.ec\/index.php?rest_route=\/wp\/v2\/users\/1"}],"replies":[{"embeddable":true,"href":"https:\/\/enviexpress.ec\/index.php?rest_route=%2Fwp%2Fv2%2Fcomments&post=102"}],"version-history":[{"count":37,"href":"https:\/\/enviexpress.ec\/index.php?rest_route=\/wp\/v2\/pages\/102\/revisions"}],"predecessor-version":[{"id":1615,"href":"https:\/\/enviexpress.ec\/index.php?rest_route=\/wp\/v2\/pages\/102\/revisions\/1615"}],"wp:attachment":[{"href":"https:\/\/enviexpress.ec\/index.php?rest_route=%2Fwp%2Fv2%2Fmedia&parent=102"}],"curies":[{"name":"wp","href":"https:\/\/api.w.org\/{rel}","templated":true}]}}